{"id":1048,"date":"2024-11-11T20:08:24","date_gmt":"2024-11-11T20:08:24","guid":{"rendered":"https:\/\/farmaciasilviaesteve.com\/?page_id=1048"},"modified":"2024-11-11T20:10:22","modified_gmt":"2024-11-11T20:10:22","slug":"politica-de-privacitat","status":"publish","type":"page","link":"https:\/\/farmaciasilviaesteve.com\/es\/politica-de-privacitat\/","title":{"rendered":"Pol\u00edtica de Privacidad"},"content":{"rendered":"<style>.elementor-1048 .elementor-element.elementor-element-c77f915{--display:flex;--flex-direction:column;--container-widget-width:100%;--container-widget-height:initial;--container-widget-flex-grow:0;--container-widget-align-self:initial;--flex-wrap-mobile:wrap;}.elementor-widget-heading .elementor-heading-title{font-family:var( --e-global-typography-primary-font-family ), Sans-serif;font-weight:var( --e-global-typography-primary-font-weight );color:var( --e-global-color-primary );}.elementor-1048 .elementor-element.elementor-element-503cb19 .elementor-heading-title{color:var( --e-global-color-accent );}.elementor-widget-text-editor{font-family:var( --e-global-typography-text-font-family ), Sans-serif;font-size:var( --e-global-typography-text-font-size );font-weight:var( --e-global-typography-text-font-weight );color:var( --e-global-color-text );}.elementor-widget-text-editor.elementor-drop-cap-view-stacked .elementor-drop-cap{background-color:var( --e-global-color-primary );}.elementor-widget-text-editor.elementor-drop-cap-view-framed .elementor-drop-cap, .elementor-widget-text-editor.elementor-drop-cap-view-default .elementor-drop-cap{color:var( --e-global-color-primary );border-color:var( --e-global-color-primary );}.elementor-1048 .elementor-element.elementor-element-6d1d401{font-family:var( --e-global-typography-primary-font-family ), Sans-serif;font-weight:var( --e-global-typography-primary-font-weight );color:var( --e-global-color-primary );}:root{--page-title-display:none;}@media(max-width:1024px){.elementor-widget-text-editor{font-size:var( --e-global-typography-text-font-size );}}@media(max-width:767px){.elementor-widget-text-editor{font-size:var( --e-global-typography-text-font-size );}}<\/style>\t\t<div data-elementor-type=\"wp-page\" data-elementor-id=\"1048\" class=\"elementor elementor-1048\">\n\t\t\t\t<div class=\"elementor-element elementor-element-c77f915 e-flex e-con-boxed e-con e-parent\" data-id=\"c77f915\" data-element_type=\"container\">\n\t\t\t\t\t<div class=\"e-con-inner\">\n\t\t\t\t<div class=\"elementor-element elementor-element-503cb19 elementor-widget elementor-widget-heading\" data-id=\"503cb19\" data-element_type=\"widget\" data-widget_type=\"heading.default\">\n\t\t\t\t<div class=\"elementor-widget-container\">\n\t\t\t\t\t<h1 class=\"elementor-heading-title elementor-size-default\">Pol\u00edtica de Privacidad<\/h1>\t\t\t\t<\/div>\n\t\t\t\t<\/div>\n\t\t\t\t<div class=\"elementor-element elementor-element-6d1d401 elementor-widget elementor-widget-text-editor\" data-id=\"6d1d401\" data-element_type=\"widget\" data-widget_type=\"text-editor.default\">\n\t\t\t\t<div class=\"elementor-widget-container\">\n\t\t\t\t\t\t\t\t\t<p><strong>Identitat del Responsable del Tractament<\/strong><\/p><p>En compliment del Reglament General de Protecci\u00f3 de Dades (RGPD), s\u2019informa de les dades del responsable del tractament de les dades personals:<\/p><ul><li><strong>Responsable<\/strong>: Silvia Esteve Tarrag\u00f3<\/li><li><strong>Nom comercial<\/strong>: Farm\u00e0cia Silvia Esteve<\/li><li><strong>DNI<\/strong>: 77834722P<\/li><li><strong>Domicili<\/strong>: Carrer de Manuel Mil\u00e0 i Fontanals, 2, 43205 Reus, Tarragona<\/li><li><strong>Correu electr\u00f2nic<\/strong>: <a rel=\"noopener\">siesteve@coft.org<\/a><\/li><\/ul><p><strong>Finalitat del Tractament<\/strong><\/p><p>Farm\u00e0cia Silvia Esteve no recull dades personals dels usuaris a trav\u00e9s d\u2019aquest lloc web, excepte en el cas de consultes o comunicacions que l\u2019usuari vulgui realitzar de manera volunt\u00e0ria mitjan\u00e7ant correu electr\u00f2nic. En aquest cas, les dades s\u2019utilitzaran \u00fanicament per respondre a la consulta realitzada.<\/p><p><strong>Legitimaci\u00f3 per al Tractament de les Dades<\/strong><\/p><p>La base legal per al tractament de dades \u00e9s el consentiment expl\u00edcit de l\u2019usuari, qui pot revocar-lo en qualsevol moment enviant un correu a <a rel=\"noopener\">siesteve@coft.org<\/a>.<\/p><p><strong>Conservaci\u00f3 de les Dades<\/strong><\/p><p>Les dades personals facilitades per l\u2019usuari a trav\u00e9s de comunicacions electr\u00f2niques es conservaran \u00fanicament durant el temps necessari per atendre la consulta i en cap cas s\u2019utilitzaran per a altres finalitats.<\/p><p><strong>Drets de l\u2019Usuari<\/strong><\/p><p>L\u2019usuari t\u00e9 dret a accedir, rectificar, suprimir, limitar el tractament, oposar-se i sol\u00b7licitar la portabilitat de les seves dades personals. Per exercir aquests drets, haur\u00e0 d\u2019enviar una sol\u00b7licitud per escrit a l\u2019adre\u00e7a del titular o un correu electr\u00f2nic a <a rel=\"noopener\">siesteve@coft.org<\/a>.<\/p><p><strong>Mesures de Seguretat<\/strong><\/p><p>Farm\u00e0cia Silvia Esteve es compromet a protegir la seguretat i confidencialitat de les dades personals, adoptant les mesures necess\u00e0ries per evitar la seva alteraci\u00f3, p\u00e8rdua, tractament o acc\u00e9s no autoritzat.<\/p>\t\t\t\t\t\t\t\t<\/div>\n\t\t\t\t<\/div>\n\t\t\t\t\t<\/div>\n\t\t\t\t<\/div>\n\t\t\t\t<\/div>","protected":false},"excerpt":{"rendered":"<p>Pol\u00edtica de Privacitat Identitat del Responsable del Tractament En compliment del Reglament General de Protecci\u00f3 de Dades (RGPD), s\u2019informa de [&hellip;]<\/p>","protected":false},"author":1,"featured_media":0,"parent":0,"menu_order":0,"comment_status":"closed","ping_status":"closed","template":"elementor_canvas","meta":{"site-sidebar-layout":"no-sidebar","site-content-layout":"","ast-site-content-layout":"full-width-container","site-content-style":"default","site-sidebar-style":"default","ast-global-header-display":"","ast-banner-title-visibility":"","ast-main-header-display":"","ast-hfb-above-header-display":"","ast-hfb-below-header-display":"","ast-hfb-mobile-header-display":"","site-post-title":"disabled","ast-breadcrumbs-content":"","ast-featured-img":"disabled","footer-sml-layout":"","ast-disable-related-posts":"","theme-transparent-header-meta":"","adv-header-id-meta":"","stick-header-meta":"","header-above-stick-meta":"","header-main-stick-meta":"","header-below-stick-meta":"","astra-migrate-meta-layouts":"default","ast-page-background-enabled":"default","ast-page-background-meta":{"desktop":{"background-color":"var(--ast-global-color-4)","background-image":"","background-repeat":"repeat","background-position":"center center","background-size":"auto","background-attachment":"scroll","background-type":"","background-media":"","overlay-type":"","overlay-color":"","overlay-opacity":"","overlay-gradient":""},"tablet":{"background-color":"","background-image":"","background-repeat":"repeat","background-position":"center center","background-size":"auto","background-attachment":"scroll","background-type":"","background-media":"","overlay-type":"","overlay-color":"","overlay-opacity":"","overlay-gradient":""},"mobile":{"background-color":"","background-image":"","background-repeat":"repeat","background-position":"center center","background-size":"auto","background-attachment":"scroll","background-type":"","background-media":"","overlay-type":"","overlay-color":"","overlay-opacity":"","overlay-gradient":""}},"ast-content-background-meta":{"desktop":{"background-color":"var(--ast-global-color-5)","background-image":"","background-repeat":"repeat","background-position":"center center","background-size":"auto","background-attachment":"scroll","background-type":"","background-media":"","overlay-type":"","overlay-color":"","overlay-opacity":"","overlay-gradient":""},"tablet":{"background-color":"var(--ast-global-color-5)","background-image":"","background-repeat":"repeat","background-position":"center center","background-size":"auto","background-attachment":"scroll","background-type":"","background-media":"","overlay-type":"","overlay-color":"","overlay-opacity":"","overlay-gradient":""},"mobile":{"background-color":"var(--ast-global-color-5)","background-image":"","background-repeat":"repeat","background-position":"center center","background-size":"auto","background-attachment":"scroll","background-type":"","background-media":"","overlay-type":"","overlay-color":"","overlay-opacity":"","overlay-gradient":""}},"footnotes":""},"class_list":["post-1048","page","type-page","status-publish","hentry"],"_links":{"self":[{"href":"https:\/\/farmaciasilviaesteve.com\/es\/wp-json\/wp\/v2\/pages\/1048","targetHints":{"allow":["GET"]}}],"collection":[{"href":"https:\/\/farmaciasilviaesteve.com\/es\/wp-json\/wp\/v2\/pages"}],"about":[{"href":"https:\/\/farmaciasilviaesteve.com\/es\/wp-json\/wp\/v2\/types\/page"}],"author":[{"embeddable":true,"href":"https:\/\/farmaciasilviaesteve.com\/es\/wp-json\/wp\/v2\/users\/1"}],"replies":[{"embeddable":true,"href":"https:\/\/farmaciasilviaesteve.com\/es\/wp-json\/wp\/v2\/comments?post=1048"}],"version-history":[{"count":6,"href":"https:\/\/farmaciasilviaesteve.com\/es\/wp-json\/wp\/v2\/pages\/1048\/revisions"}],"predecessor-version":[{"id":1054,"href":"https:\/\/farmaciasilviaesteve.com\/es\/wp-json\/wp\/v2\/pages\/1048\/revisions\/1054"}],"wp:attachment":[{"href":"https:\/\/farmaciasilviaesteve.com\/es\/wp-json\/wp\/v2\/media?parent=1048"}],"curies":[{"name":"wp","href":"https:\/\/api.w.org\/{rel}","templated":true}]}}