{"id":1043,"date":"2024-11-11T19:50:59","date_gmt":"2024-11-11T19:50:59","guid":{"rendered":"https:\/\/farmaciasilviaesteve.com\/?page_id=1043"},"modified":"2024-11-11T19:54:21","modified_gmt":"2024-11-11T19:54:21","slug":"avis-legal","status":"publish","type":"page","link":"https:\/\/farmaciasilviaesteve.com\/es\/avis-legal\/","title":{"rendered":"Av\u00eds Legal"},"content":{"rendered":"<style>.elementor-1043 .elementor-element.elementor-element-c77f915{--display:flex;--flex-direction:column;--container-widget-width:100%;--container-widget-height:initial;--container-widget-flex-grow:0;--container-widget-align-self:initial;--flex-wrap-mobile:wrap;}.elementor-widget-heading .elementor-heading-title{font-family:var( --e-global-typography-primary-font-family ), Sans-serif;font-weight:var( --e-global-typography-primary-font-weight );color:var( --e-global-color-primary );}.elementor-1043 .elementor-element.elementor-element-503cb19 .elementor-heading-title{color:var( --e-global-color-accent );}.elementor-widget-text-editor{font-family:var( --e-global-typography-text-font-family ), Sans-serif;font-size:var( --e-global-typography-text-font-size );font-weight:var( --e-global-typography-text-font-weight );color:var( --e-global-color-text );}.elementor-widget-text-editor.elementor-drop-cap-view-stacked .elementor-drop-cap{background-color:var( --e-global-color-primary );}.elementor-widget-text-editor.elementor-drop-cap-view-framed .elementor-drop-cap, .elementor-widget-text-editor.elementor-drop-cap-view-default .elementor-drop-cap{color:var( --e-global-color-primary );border-color:var( --e-global-color-primary );}.elementor-1043 .elementor-element.elementor-element-6d1d401{font-family:var( --e-global-typography-primary-font-family ), Sans-serif;font-weight:var( --e-global-typography-primary-font-weight );color:var( --e-global-color-primary );}:root{--page-title-display:none;}@media(max-width:1024px){.elementor-widget-text-editor{font-size:var( --e-global-typography-text-font-size );}}@media(max-width:767px){.elementor-widget-text-editor{font-size:var( --e-global-typography-text-font-size );}}<\/style>\t\t<div data-elementor-type=\"wp-page\" data-elementor-id=\"1043\" class=\"elementor elementor-1043\">\n\t\t\t\t<div class=\"elementor-element elementor-element-c77f915 e-flex e-con-boxed e-con e-parent\" data-id=\"c77f915\" data-element_type=\"container\">\n\t\t\t\t\t<div class=\"e-con-inner\">\n\t\t\t\t<div class=\"elementor-element elementor-element-503cb19 elementor-widget elementor-widget-heading\" data-id=\"503cb19\" data-element_type=\"widget\" data-widget_type=\"heading.default\">\n\t\t\t\t<div class=\"elementor-widget-container\">\n\t\t\t\t\t<h1 class=\"elementor-heading-title elementor-size-default\">Av\u00eds Legal<\/h1>\t\t\t\t<\/div>\n\t\t\t\t<\/div>\n\t\t\t\t<div class=\"elementor-element elementor-element-6d1d401 elementor-widget elementor-widget-text-editor\" data-id=\"6d1d401\" data-element_type=\"widget\" data-widget_type=\"text-editor.default\">\n\t\t\t\t<div class=\"elementor-widget-container\">\n\t\t\t\t\t\t\t\t\t<p><strong>Titular de la Web<\/strong><\/p><p>En compliment de la Llei 34\/2002 de Serveis de la Societat de la Informaci\u00f3 i Comer\u00e7 Electr\u00f2nic (LSSI-CE), s\u2019informa de les seg\u00fcents dades identificatives:<\/p><ul><li><strong>Titular<\/strong>: Silvia Esteve Tarrag\u00f3<\/li><li><strong>Nom comercial<\/strong>: Farm\u00e0cia Silvia Esteve<\/li><li><strong>DNI<\/strong>: 77834722P<\/li><li><strong>Domicili<\/strong>: Carrer de Manuel Mil\u00e0 i Fontanals, 2, 43205 Reus, Tarragona<\/li><li><strong>Correu electr\u00f2nic<\/strong>: <a rel=\"noopener\">siesteve@coft.org<\/a><\/li><\/ul><p>L\u2019acc\u00e9s i \u00fas d\u2019aquest lloc web atribueix la condici\u00f3 d\u2019usuari, implicant l\u2019acceptaci\u00f3 plena i sense reserves de totes i cadascuna de les disposicions incloses en aquest Av\u00eds Legal.<\/p><p><strong>Condicions d\u2019\u00das<\/strong><\/p><p>L\u2019usuari es compromet a utilitzar el lloc web, els seus continguts i serveis de conformitat amb la llei, aquest Av\u00eds Legal, les bones costums i l\u2019ordre p\u00fablic. Queda prohibit l\u2019\u00fas del web amb finalitats il\u00b7l\u00edcites o perjudicials.<\/p><p><strong>Propietat Intel\u00b7lectual i Industrial<\/strong><\/p><p>Els continguts d\u2019aquest lloc web, inclosos textos, imatges, dissenys i qualsevol altre material, estan protegits per drets de propietat intel\u00b7lectual i industrial. Es prohibeix la seva reproducci\u00f3, distribuci\u00f3 o transformaci\u00f3, excepte autoritzaci\u00f3 expressa del titular.<\/p><p><strong>Exclusi\u00f3 de Garanties i Responsabilitat<\/strong><\/p><p>Farm\u00e0cia Silvia Esteve no es fa responsable dels danys o perjudicis derivats de l\u2019\u00fas del web, ni dels virus o malware que puguin afectar l\u2019equip inform\u00e0tic de l\u2019usuari.<\/p><p><strong>Modificacions<\/strong><\/p><p>Farm\u00e0cia Silvia Esteve es reserva el dret de modificar el contingut d\u2019aquest Av\u00eds Legal en qualsevol moment, pel que es recomana a l\u2019usuari revisar-lo peri\u00f2dicament.<\/p><p><strong>Legislaci\u00f3 Aplicable i Jurisdicci\u00f3<\/strong><\/p><p>Les relacions establertes entre el titular de la web i l\u2019usuari es regiran per la normativa espanyola vigent, i qualsevol controv\u00e8rsia se sotmetr\u00e0 als Jutjats i Tribunals de la ciutat de Tarragona.<\/p>\t\t\t\t\t\t\t\t<\/div>\n\t\t\t\t<\/div>\n\t\t\t\t\t<\/div>\n\t\t\t\t<\/div>\n\t\t\t\t<\/div>","protected":false},"excerpt":{"rendered":"<p>Av\u00eds Legal Titular de la Web En compliment de la Llei 34\/2002 de Serveis de la Societat de la Informaci\u00f3 [&hellip;]<\/p>","protected":false},"author":1,"featured_media":0,"parent":0,"menu_order":0,"comment_status":"closed","ping_status":"closed","template":"elementor_canvas","meta":{"site-sidebar-layout":"no-sidebar","site-content-layout":"","ast-site-content-layout":"full-width-container","site-content-style":"default","site-sidebar-style":"default","ast-global-header-display":"","ast-banner-title-visibility":"","ast-main-header-display":"","ast-hfb-above-header-display":"","ast-hfb-below-header-display":"","ast-hfb-mobile-header-display":"","site-post-title":"disabled","ast-breadcrumbs-content":"","ast-featured-img":"disabled","footer-sml-layout":"","ast-disable-related-posts":"","theme-transparent-header-meta":"","adv-header-id-meta":"","stick-header-meta":"","header-above-stick-meta":"","header-main-stick-meta":"","header-below-stick-meta":"","astra-migrate-meta-layouts":"default","ast-page-background-enabled":"default","ast-page-background-meta":{"desktop":{"background-color":"var(--ast-global-color-4)","background-image":"","background-repeat":"repeat","background-position":"center center","background-size":"auto","background-attachment":"scroll","background-type":"","background-media":"","overlay-type":"","overlay-color":"","overlay-opacity":"","overlay-gradient":""},"tablet":{"background-color":"","background-image":"","background-repeat":"repeat","background-position":"center center","background-size":"auto","background-attachment":"scroll","background-type":"","background-media":"","overlay-type":"","overlay-color":"","overlay-opacity":"","overlay-gradient":""},"mobile":{"background-color":"","background-image":"","background-repeat":"repeat","background-position":"center center","background-size":"auto","background-attachment":"scroll","background-type":"","background-media":"","overlay-type":"","overlay-color":"","overlay-opacity":"","overlay-gradient":""}},"ast-content-background-meta":{"desktop":{"background-color":"var(--ast-global-color-5)","background-image":"","background-repeat":"repeat","background-position":"center center","background-size":"auto","background-attachment":"scroll","background-type":"","background-media":"","overlay-type":"","overlay-color":"","overlay-opacity":"","overlay-gradient":""},"tablet":{"background-color":"var(--ast-global-color-5)","background-image":"","background-repeat":"repeat","background-position":"center center","background-size":"auto","background-attachment":"scroll","background-type":"","background-media":"","overlay-type":"","overlay-color":"","overlay-opacity":"","overlay-gradient":""},"mobile":{"background-color":"var(--ast-global-color-5)","background-image":"","background-repeat":"repeat","background-position":"center center","background-size":"auto","background-attachment":"scroll","background-type":"","background-media":"","overlay-type":"","overlay-color":"","overlay-opacity":"","overlay-gradient":""}},"footnotes":""},"class_list":["post-1043","page","type-page","status-publish","hentry"],"_links":{"self":[{"href":"https:\/\/farmaciasilviaesteve.com\/es\/wp-json\/wp\/v2\/pages\/1043","targetHints":{"allow":["GET"]}}],"collection":[{"href":"https:\/\/farmaciasilviaesteve.com\/es\/wp-json\/wp\/v2\/pages"}],"about":[{"href":"https:\/\/farmaciasilviaesteve.com\/es\/wp-json\/wp\/v2\/types\/page"}],"author":[{"embeddable":true,"href":"https:\/\/farmaciasilviaesteve.com\/es\/wp-json\/wp\/v2\/users\/1"}],"replies":[{"embeddable":true,"href":"https:\/\/farmaciasilviaesteve.com\/es\/wp-json\/wp\/v2\/comments?post=1043"}],"version-history":[{"count":4,"href":"https:\/\/farmaciasilviaesteve.com\/es\/wp-json\/wp\/v2\/pages\/1043\/revisions"}],"predecessor-version":[{"id":1047,"href":"https:\/\/farmaciasilviaesteve.com\/es\/wp-json\/wp\/v2\/pages\/1043\/revisions\/1047"}],"wp:attachment":[{"href":"https:\/\/farmaciasilviaesteve.com\/es\/wp-json\/wp\/v2\/media?parent=1043"}],"curies":[{"name":"wp","href":"https:\/\/api.w.org\/{rel}","templated":true}]}}